{"id":591,"date":"2023-02-02T22:12:23","date_gmt":"2023-02-03T01:12:23","guid":{"rendered":"http:\/\/localhost\/food\/?page_id=2"},"modified":"2025-07-02T23:30:49","modified_gmt":"2025-07-03T02:30:49","slug":"home","status":"publish","type":"page","link":"https:\/\/pousadadoouvidor.com.br\/site\/","title":{"rendered":"Home"},"content":{"rendered":"<div class=\"wpb-content-wrapper\">[vc_row][vc_column][rev_slider_vc alias=&#8221;cafe-slider&#8221;][\/vc_column][\/vc_row][vc_row layout=&#8221;wide&#8221; eq_height=&#8221;yes&#8221; content_placement=&#8221;middle&#8221; css=&#8221;.vc_custom_1460073837226{border-top-width: 1px !important;border-top-color: #3d383d !important;border-top-style: solid !important;}&#8221;][vc_column css=&#8221;.vc_custom_1460128825887{padding-top: 80px !important;padding-right: 10% !important;padding-bottom: 80px !important;padding-left: 10% !important;}&#8221; offset=&#8221;vc_col-lg-6 vc_col-md-12&#8243;][vc_custom_heading text=&#8221;POUSADA EM OURO PRETO&#8221; font_container=&#8221;tag:h2|font_size:40|text_align:left|color:%23ffffff&#8221; use_theme_fonts=&#8221;yes&#8221; tablet_font_size=&#8221;24px&#8221; tablet_line_height=&#8221;26px&#8221; smartphone_font_size=&#8221;24px&#8221; smartphone_line_height=&#8221;26px&#8221;][vc_custom_heading text=&#8221;Venha para uma das melhores op\u00e7\u00f5es de hospedagem em Ouro Preto.&#8221; font_container=&#8221;tag:h4|font_size:18|text_align:left|color:%23d1b181|line_height:24px&#8221; use_theme_fonts=&#8221;yes&#8221;]<div class=\"separator-wrap-1\"><style type=\"text\/css\" scoped=\"scoped\">.separator-wrap-1 .separator-el {padding-top: 20px;padding-bottom: 30px;}.separator-wrap-1 .separator-el .line{}.separator-wrap-1 .line, .separator-wrap-1 .separator-el-left, .separator-wrap-1 .separator-el-right {background-color:#d1b181;}<\/style><div class=\"separator-el relative \"><div class=\"line w-10 h-1 bg-gray-700 ml-0 mr-auto \"><\/div><\/div><\/div>[vc_column_text]Inaugurada em Abril de 2009, a Pousada do Ouvidor encontra-se em um dos mais belos pontos do Centro Hist\u00f3rico de Ouro Preto, junto \u00e0 Igreja de Nossa Senhora da Concei\u00e7\u00e3o, de 1746, e ao lado da Ponte de Mar\u00edlia, a famosa ponte do poeta e inconfidente Tom\u00e1s Ant\u00f4nio Gonzaga.&nbsp;Outras atra\u00e7\u00f5es, como a Mina do Chico Rei e o Museu do Aleijadinho, est\u00e3o a poucos passos da pousada, que tem localiza\u00e7\u00e3o privilegiada para quem deseja conhecer o maior conjunto barroco do pa\u00eds.[\/vc_column_text][vc_separator color=&#8221;#5e4b4b&#8221; padding_top=&#8221;25&#8243; padding_bottom=&#8221;25&#8243;][vc_button title=&#8221;Fa\u00e7a sua reserva&#8221; shape=&#8221;rounded&#8221; size=&#8221;large&#8221; color=&#8221;custom&#8221; custom_font_size=&#8221;18px&#8221; custom_font_weight=&#8221;600&#8243; custom_text_color=&#8221;#590d21&#8243; custom_color=&#8221;#d1b181&#8243; custom_border_color=&#8221;#d1b894&#8243; custom_text_color_hover=&#8221;#351818&#8243; custom_color_hover=&#8221;#d1a666&#8243; custom_border_color_hover=&#8221;#d1b181&#8243; full_width=&#8221;true&#8221; href=&#8221;https:\/\/pousadadoouvidor.com.br\/site\/reservas&#8221;][\/vc_column][vc_column col_shadow=&#8221;&#8221; css=&#8221;.vc_custom_1686964270141{background-image: url(https:\/\/pousadadoouvidor.com.br\/site\/wp-content\/uploads\/2022\/03\/pousada-ouvidor-7106-\u00a9-Glenio-Campregher.jpg?id=633) !important;background-position: center !important;background-repeat: no-repeat !important;background-size: cover !important;}&#8221; offset=&#8221;vc_col-lg-6 vc_col-md-6 vc_col-sm-offset-0 vc_hidden-sm vc_col-xs-12 vc_hidden-xs&#8221;][\/vc_column][\/vc_row][vc_row layout=&#8221;wide&#8221; eq_height=&#8221;yes&#8221; content_placement=&#8221;middle&#8221;][vc_column col_shadow=&#8221;&#8221; css=&#8221;.vc_custom_1686964357661{background-image: url(https:\/\/pousadadoouvidor.com.br\/site\/wp-content\/uploads\/2023\/03\/acomodacoes-19.jpg?id=762) !important;background-position: center !important;background-repeat: no-repeat !important;background-size: cover !important;}&#8221; offset=&#8221;vc_col-lg-6 vc_col-md-12 vc_hidden-sm vc_hidden-xs&#8221;][vc_separator style=&#8221;blank&#8221; padding_top=&#8221;10&#8243; padding_bottom=&#8221;10&#8243;][\/vc_column][vc_column css=&#8221;.vc_custom_1460128835795{padding-top: 80px !important;padding-right: 10% !important;padding-bottom: 80px !important;padding-left: 10% !important;background-position: center !important;background-repeat: no-repeat !important;background-size: cover !important;}&#8221; offset=&#8221;vc_col-lg-6 vc_col-md-12&#8243;][vc_custom_heading text=&#8221;ACOMODA\u00c7\u00d5ES&#8221; font_container=&#8221;tag:h2|font_size:40|text_align:left|color:%23ffffff&#8221; use_theme_fonts=&#8221;yes&#8221; tablet_font_size=&#8221;24px&#8221; tablet_line_height=&#8221;26px&#8221; smartphone_font_size=&#8221;24px&#8221; smartphone_line_height=&#8221;26px&#8221;][vc_custom_heading text=&#8221;Apartamentos Standard e Standard Superior&#8221; font_container=&#8221;tag:h4|font_size:18|text_align:left|color:%23d1b181|line_height:24px&#8221; use_theme_fonts=&#8221;yes&#8221;]<div class=\"separator-wrap-2\"><style type=\"text\/css\" scoped=\"scoped\">.separator-wrap-2 .separator-el {padding-top: 20px;padding-bottom: 30px;}.separator-wrap-2 .separator-el .line{}.separator-wrap-2 .line, .separator-wrap-2 .separator-el-left, .separator-wrap-2 .separator-el-right {background-color:#d1b181;}<\/style><div class=\"separator-el relative \"><div class=\"line w-10 h-1 bg-gray-700 ml-0 mr-auto \"><\/div><\/div><\/div>[vc_column_text]A Pousada do Ouvidor conta com confort\u00e1veis apartamentos, equipados com frigobar, TV, telefone, ponto de internet, cama Box e banheiro privativo com aquecimento a g\u00e1s (chuveiro e lavat\u00f3rio).[\/vc_column_text][vc_separator color=&#8221;#5e4b4b&#8221; padding_top=&#8221;25&#8243; padding_bottom=&#8221;25&#8243;][vc_button title=&#8221;Veja nossas acomoda\u00e7\u00f5es&#8221; shape=&#8221;rounded&#8221; size=&#8221;large&#8221; color=&#8221;custom&#8221; custom_font_size=&#8221;18px&#8221; custom_font_weight=&#8221;600&#8243; custom_text_color=&#8221;#590d21&#8243; custom_color=&#8221;#d1b181&#8243; custom_border_color=&#8221;#d1b894&#8243; custom_text_color_hover=&#8221;#351818&#8243; custom_color_hover=&#8221;#d1a666&#8243; custom_border_color_hover=&#8221;#d1b181&#8243; full_width=&#8221;true&#8221; href=&#8221;https:\/\/pousadadoouvidor.com.br\/site\/acomodacoes&#8221;][\/vc_column][\/vc_row][vc_row layout=&#8221;stretch_row_content_no_spaces&#8221; parallax=&#8221;yes&#8221; css=&#8221;.vc_custom_1678848240753{border-top-width: 1px !important;padding-top: 100px !important;padding-bottom: 2px !important;background-color: #363336 !important;border-top-color: #3d383d !important;}&#8221;][vc_column][vc_custom_heading text=&#8221;GALERIA DE IMAGENS&#8221; font_container=&#8221;tag:h2|font_size:40|text_align:center|color:%23ffffff&#8221; use_theme_fonts=&#8221;yes&#8221; tablet_font_size=&#8221;24px&#8221; tablet_line_height=&#8221;26px&#8221; smartphone_font_size=&#8221;24px&#8221; smartphone_line_height=&#8221;26px&#8221;][vc_custom_heading text=&#8221;Confira algumas fotos da Pousada do Ouvidor&#8221; font_container=&#8221;tag:h4|font_size:20|text_align:center|color:%23d1b181|line_height:24px&#8221; use_theme_fonts=&#8221;yes&#8221;]<div class=\"separator-wrap-3\"><style type=\"text\/css\" scoped=\"scoped\">.separator-wrap-3 .separator-el {padding-top: 20px;padding-bottom: 30px;}.separator-wrap-3 .separator-el .line{}.separator-wrap-3 .line, .separator-wrap-3 .separator-el-left, .separator-wrap-3 .separator-el-right {background-color:#d1b181;}<\/style><div class=\"separator-el relative \"><div class=\"line w-10 h-1 bg-gray-700 mx-auto \"><\/div><\/div><\/div>[vc_column_text]\nngg_shortcode_0_placeholder[\/vc_column_text][\/vc_column][\/vc_row][vc_row parallax=&#8221;yes&#8221; css=&#8221;.vc_custom_1678850562738{border-top-width: 1px !important;padding-top: 100px !important;padding-bottom: 80px !important;background-color: #312f31 !important;border-top-color: #3d383d !important;}&#8221;][vc_column][vc_custom_heading text=&#8221;INFORMA\u00c7\u00d5ES&#8221; font_container=&#8221;tag:h3|font_size:40|text_align:center|color:%23ffffff&#8221; use_theme_fonts=&#8221;yes&#8221; tablet_font_size=&#8221;24px&#8221; tablet_line_height=&#8221;26px&#8221; smartphone_font_size=&#8221;24px&#8221; smartphone_line_height=&#8221;26px&#8221;]<div class=\"separator-wrap-4\"><style type=\"text\/css\" scoped=\"scoped\">.separator-wrap-4 .separator-el {padding-top: 20px;padding-bottom: 30px;}.separator-wrap-4 .separator-el .line{}.separator-wrap-4 .line, .separator-wrap-4 .separator-el-left, .separator-wrap-4 .separator-el-right {background-color:#d1b181;}<\/style><div class=\"separator-el relative \"><div class=\"line w-10 h-1 bg-gray-700 mx-auto \"><\/div><\/div><\/div>[vc_separator style=&#8221;blank&#8221; color=&#8221;#5e4b4b&#8221; padding_top=&#8221;20&#8243; padding_bottom=&#8221;20&#8243;][vc_row_inner][vc_column_inner width=&#8221;1\/3&#8243;]<div class=\"product_feature prod_feature_counter_1  flex  mb-4\" ><style type=\"text\/css\" scoped=\"scoped\">.product_feature.prod_feature_counter_1 .pf_icon i {color: #d0bc9b;}.product_feature.prod_feature_counter_1 .pf_content h4 {color: #d0bc9b;font-size: 22px;font-weight: ;line-height: ;margin-top: ;margin-bottom: ;}.product_feature.prod_feature_counter_1 .pf_content .pf_description {font-size: 18px;line-height: ;color: #f7f7f7;}<\/style><div class=\"pf_icon flex-none mb-6 mr-4\"><i class=\"fas fa-mobile-alt text-4xl w-12 h-12 inline-block text-center \"><\/i><\/div><div class=\"pf_content\"><h4 class=\"mb-4 text-lg leading-none font-bold text-gray-800\">FONE (WHATSAPP)<\/h4><div class=\"pf_description\">55 31 3551-1164<\/div><\/div><\/div>[\/vc_column_inner][vc_column_inner width=&#8221;1\/3&#8243;]<div class=\"product_feature prod_feature_counter_2  flex  mb-4\" ><style type=\"text\/css\" scoped=\"scoped\">.product_feature.prod_feature_counter_2 .pf_icon i {color: #d0bc9b;}.product_feature.prod_feature_counter_2 .pf_content h4 {color: #d0bc9b;font-size: 22px;font-weight: ;line-height: ;margin-top: ;margin-bottom: ;}.product_feature.prod_feature_counter_2 .pf_content .pf_description {font-size: 18px;line-height: ;color: #f7f7f7;}<\/style><div class=\"pf_icon flex-none mb-6 mr-4\"><i class=\"fas fa-map-marked-alt text-4xl w-12 h-12 inline-block text-center \"><\/i><\/div><div class=\"pf_content\"><h4 class=\"mb-4 text-lg leading-none font-bold text-gray-800\">ENDERE\u00c7O<\/h4><div class=\"pf_description\">Pra\u00e7a Ant\u00f4nio Dias, 99<br \/>\nOuro Preto &#8211; MG &#8211; Brasil<\/div><\/div><\/div>[\/vc_column_inner][vc_column_inner width=&#8221;1\/3&#8243;]<div class=\"product_feature prod_feature_counter_3  flex  mb-4\" ><style type=\"text\/css\" scoped=\"scoped\">.product_feature.prod_feature_counter_3 .pf_icon i {color: #d0bc9b;}.product_feature.prod_feature_counter_3 .pf_content h4 {color: #d0bc9b;font-size: 22px;font-weight: ;line-height: ;margin-top: ;margin-bottom: ;}.product_feature.prod_feature_counter_3 .pf_content .pf_description {font-size: 18px;line-height: ;color: #f7f7f7;}<\/style><div class=\"pf_icon flex-none mb-6 mr-4\"><i class=\"fas fa-user-clock text-4xl w-12 h-12 inline-block text-center \"><\/i><\/div><div class=\"pf_content\"><h4 class=\"mb-4 text-lg leading-none font-bold text-gray-800\">HOR\u00c1RIO<\/h4><div class=\"pf_description\">Check-In: 13:30<br \/>\nCheck-Out: 12:00<\/div><\/div><\/div>[\/vc_column_inner][\/vc_row_inner][vc_row_inner][vc_column_inner][vc_separator color=&#8221;#5e4b4b&#8221; padding_top=&#8221;20&#8243; padding_bottom=&#8221;40&#8243;][\/vc_column_inner][\/vc_row_inner][vc_row_inner][vc_column_inner width=&#8221;1\/3&#8243;]<div class=\"product_feature prod_feature_counter_4  flex  mb-4\" ><style type=\"text\/css\" scoped=\"scoped\">.product_feature.prod_feature_counter_4 .pf_icon i {color: #d0bc9b;}.product_feature.prod_feature_counter_4 .pf_content h4 {color: #d0bc9b;font-size: 22px;font-weight: ;line-height: ;margin-top: ;margin-bottom: ;}.product_feature.prod_feature_counter_4 .pf_content .pf_description {font-size: 18px;line-height: ;color: #f7f7f7;}<\/style><div class=\"pf_icon flex-none mb-6 mr-4\"><i class=\"fas fa-coffee text-4xl w-12 h-12 inline-block text-center \"><\/i><\/div><div class=\"pf_content\"><h4 class=\"mb-4 text-lg leading-none font-bold text-gray-800\">CAF\u00c9 DA MANH\u00c3<\/h4><div class=\"pf_description\">Caf\u00e9 da manh\u00e3 completo inclu\u00eddo na di\u00e1ria<\/div><\/div><\/div>[\/vc_column_inner][vc_column_inner width=&#8221;1\/3&#8243;]<div class=\"product_feature prod_feature_counter_5  flex  mb-4\" ><style type=\"text\/css\" scoped=\"scoped\">.product_feature.prod_feature_counter_5 .pf_icon i {color: #d0bc9b;}.product_feature.prod_feature_counter_5 .pf_content h4 {color: #d0bc9b;font-size: 22px;font-weight: ;line-height: ;margin-top: ;margin-bottom: ;}.product_feature.prod_feature_counter_5 .pf_content .pf_description {font-size: 18px;line-height: ;color: #f7f7f7;}<\/style><div class=\"pf_icon flex-none mb-6 mr-4\"><i class=\"fas fa-sign text-4xl w-12 h-12 inline-block text-center \"><\/i><\/div><div class=\"pf_content\"><h4 class=\"mb-4 text-lg leading-none font-bold text-gray-800\">ESTACIONAMENTO<\/h4><div class=\"pf_description\">Estacionamento inclu\u00eddo na di\u00e1ria<\/div><\/div><\/div>[\/vc_column_inner][vc_column_inner width=&#8221;1\/3&#8243;]<div class=\"product_feature prod_feature_counter_6  flex  mb-4\" ><style type=\"text\/css\" scoped=\"scoped\">.product_feature.prod_feature_counter_6 .pf_icon i {color: #d0bc9b;}.product_feature.prod_feature_counter_6 .pf_content h4 {color: #d0bc9b;font-size: 22px;font-weight: ;line-height: ;margin-top: ;margin-bottom: ;}.product_feature.prod_feature_counter_6 .pf_content .pf_description {font-size: 18px;line-height: ;color: #f7f7f7;}<\/style><div class=\"pf_icon flex-none mb-6 mr-4\"><i class=\"far fa-credit-card text-4xl w-12 h-12 inline-block text-center \"><\/i><\/div><div class=\"pf_content\"><h4 class=\"mb-4 text-lg leading-none font-bold text-gray-800\">CART\u00c3O DE CR\u00c9DITO<\/h4><div class=\"pf_description\">Visa, MasterCard, Diners<\/p>\n<p><img decoding=\"async\" class=\"alignleft size-full wp-image-660\" src=\"https:\/\/pousadadoouvidor.com.br\/site\/wp-content\/uploads\/2023\/02\/cartoes_credito.png\" alt=\"\" width=\"115\" height=\"27\"><\/div><\/div><\/div>[\/vc_column_inner][\/vc_row_inner][\/vc_column][\/vc_row][vc_row css=&#8221;.vc_custom_1460073717486{border-top-width: 3px !important;padding-top: 60px !important;padding-bottom: 60px !important;background-color: #363336 !important;border-top-color: #2e2b2e !important;border-top-style: solid !important;}&#8221;][vc_column][vc_icon icon_fontawesome=&#8221;fas fa-book-open&#8221; color=&#8221;chino&#8221; size=&#8221;lg&#8221; align=&#8221;center&#8221;][vc_separator style=&#8221;blank&#8221; color=&#8221;#5e4b4b&#8221; padding_top=&#8221;10&#8243; padding_bottom=&#8221;10&#8243;][vc_custom_heading text=&#8221;Hospede-se na Pousada do Ouvidor.&#8221; font_container=&#8221;tag:h4|font_size:21|text_align:center|color:%23ffffff&#8221; use_theme_fonts=&#8221;yes&#8221;][vc_separator color=&#8221;#5e4b4b&#8221; padding_top=&#8221;25&#8243; padding_bottom=&#8221;25&#8243;][vc_button title=&#8221;Fa\u00e7a sua reserva | Verifique nossa disponibilidade&#8221; shape=&#8221;rounded&#8221; size=&#8221;large&#8221; color=&#8221;custom&#8221; custom_font_size=&#8221;18px&#8221; custom_font_weight=&#8221;600&#8243; custom_text_color=&#8221;#590d21&#8243; custom_color=&#8221;#d1b181&#8243; custom_border_color=&#8221;#d1b894&#8243; custom_text_color_hover=&#8221;#351818&#8243; custom_color_hover=&#8221;#d1a666&#8243; custom_border_color_hover=&#8221;#d1b181&#8243; full_width=&#8221;true&#8221; href=&#8221;https:\/\/pousadadoouvidor.com.br\/site\/reservas&#8221;][\/vc_column][\/vc_row]\n<\/div>","protected":false},"excerpt":{"rendered":"<p>[vc_row][vc_column][rev_slider_vc alias=&#8221;cafe-slider&#8221;][\/vc_column][\/vc_row][vc_row layout=&#8221;wide&#8221; eq_height=&#8221;yes&#8221; content_placement=&#8221;middle&#8221; css=&#8221;.vc_custom_1460073837226{border-top-width: 1px !important;border-top-color: #3d383d !important;border-top-style: solid !important;}&#8221;][vc_column css=&#8221;.vc_custom_1460128825887{padding-top: 80px !important;padding-right: 10% !important;padding-bottom: 80px !important;padding-left: 10% !important;}&#8221; offset=&#8221;vc_col-lg-6 vc_col-md-12&#8243;][vc_custom_heading text=&#8221;POUSADA EM OURO PRETO&#8221; font_container=&#8221;tag:h2|font_size:40|text_align:left|color:%23ffffff&#8221; use_theme_fonts=&#8221;yes&#8221; tablet_font_size=&#8221;24px&#8221; tablet_line_height=&#8221;26px&#8221; smartphone_font_size=&#8221;24px&#8221; smartphone_line_height=&#8221;26px&#8221;][vc_custom_heading text=&#8221;Venha para uma das melhores op\u00e7\u00f5es de hospedagem em Ouro Preto.&#8221; font_container=&#8221;tag:h4|font_size:18|text_align:left|color:%23d1b181|line_height:24px&#8221; use_theme_fonts=&#8221;yes&#8221;][vc_column_text]Inaugurada em Abril de 2009, a Pousada do Ouvidor encontra-se&#8230;<\/p>\n","protected":false},"author":1,"featured_media":0,"parent":0,"menu_order":0,"comment_status":"closed","ping_status":"closed","template":"page-full.php","meta":{"ngg_post_thumbnail":0,"footnotes":""},"class_list":["post-591","page","type-page","status-publish","hentry"],"_links":{"self":[{"href":"https:\/\/pousadadoouvidor.com.br\/site\/wp-json\/wp\/v2\/pages\/591","targetHints":{"allow":["GET"]}}],"collection":[{"href":"https:\/\/pousadadoouvidor.com.br\/site\/wp-json\/wp\/v2\/pages"}],"about":[{"href":"https:\/\/pousadadoouvidor.com.br\/site\/wp-json\/wp\/v2\/types\/page"}],"author":[{"embeddable":true,"href":"https:\/\/pousadadoouvidor.com.br\/site\/wp-json\/wp\/v2\/users\/1"}],"replies":[{"embeddable":true,"href":"https:\/\/pousadadoouvidor.com.br\/site\/wp-json\/wp\/v2\/comments?post=591"}],"version-history":[{"count":10,"href":"https:\/\/pousadadoouvidor.com.br\/site\/wp-json\/wp\/v2\/pages\/591\/revisions"}],"predecessor-version":[{"id":862,"href":"https:\/\/pousadadoouvidor.com.br\/site\/wp-json\/wp\/v2\/pages\/591\/revisions\/862"}],"wp:attachment":[{"href":"https:\/\/pousadadoouvidor.com.br\/site\/wp-json\/wp\/v2\/media?parent=591"}],"curies":[{"name":"wp","href":"https:\/\/api.w.org\/{rel}","templated":true}]}}